{"id":25679,"date":"2020-04-28T16:48:10","date_gmt":"2020-04-28T16:48:10","guid":{"rendered":"https:\/\/heartgift.org\/?page_id=25679"},"modified":"2025-02-26T19:10:55","modified_gmt":"2025-02-26T19:10:55","slug":"bymail","status":"publish","type":"page","link":"https:\/\/heartgift.org\/es\/waystogive\/bymail\/","title":{"rendered":"Por Correo"},"content":{"rendered":"<div data-elementor-type=\"wp-page\" data-elementor-id=\"25679\" class=\"elementor elementor-25679\">\n\t\t\t\t<div class=\"elementor-element elementor-element-a3d884d e-flex e-con-boxed e-con e-parent\" data-id=\"a3d884d\" data-element_type=\"container\" data-e-type=\"container\" data-settings=\"{&quot;background_background&quot;:&quot;classic&quot;}\">\n\t\t\t\t\t<div class=\"e-con-inner\">\n\t\t<div class=\"elementor-element elementor-element-1221c49d e-flex e-con-boxed e-con e-child\" data-id=\"1221c49d\" data-element_type=\"container\" data-e-type=\"container\">\n\t\t\t\t\t<div class=\"e-con-inner\">\n\t\t<div class=\"elementor-element elementor-element-4bd999eb e-con-full e-flex e-con e-child\" data-id=\"4bd999eb\" data-element_type=\"container\" data-e-type=\"container\">\n\t\t\t\t<div class=\"elementor-element elementor-element-44579b4e elementor-widget elementor-widget-hub_fancy_heading\" data-id=\"44579b4e\" data-element_type=\"widget\" data-e-type=\"widget\" data-widget_type=\"hub_fancy_heading.default\">\n\t\t\t\t<div class=\"elementor-widget-container\">\n\t\t\t\t\t\n\t\t<div id=\"ld-fancy-heading-69e0a5532924d\" class=\"ld-fancy-heading pos-rel\">\n\t\t\t<h1 class=\"ld-fh-element d-inline-block pos-rel  elementor-heading-title lqd-highlight-classic lqd-highlight-grow-left h1\"  > Donate by Mail<\/h1>\t\t<\/div>\n\n\t\t\t\t\t\t<\/div>\n\t\t\t\t<\/div>\n\t\t\t\t<div class=\"elementor-element elementor-element-445416fa elementor-widget elementor-widget-text-editor\" data-id=\"445416fa\" data-element_type=\"widget\" data-e-type=\"widget\" data-widget_type=\"text-editor.default\">\n\t\t\t\t<div class=\"elementor-widget-container\">\n\t\t\t\t\t\t\t\t\t<p>Las cardiopat\u00edas cong\u00e9nitas son m\u00e1s frecuentes que el c\u00e1ncer infantil. Sin embargo, la mayor\u00eda de los ni\u00f1os que nacen con una anomal\u00eda cardiaca apenas tienen acceso a atenci\u00f3n m\u00e9dica especializada. S\u00f3lo necesitan una intervenci\u00f3n quir\u00fargica para salvar la vida, pero no est\u00e1 disponible donde viven.<\/p>\t\t\t\t\t\t\t\t<\/div>\n\t\t\t\t<\/div>\n\t\t\t\t<\/div>\n\t\t<div class=\"elementor-element elementor-element-166cc5f5 e-con-full e-flex e-con e-child\" data-id=\"166cc5f5\" data-element_type=\"container\" data-e-type=\"container\">\n\t\t\t\t<div class=\"elementor-element elementor-element-6a41f85d elementor-widget elementor-widget-image\" data-id=\"6a41f85d\" data-element_type=\"widget\" data-e-type=\"widget\" data-widget_type=\"image.default\">\n\t\t\t\t<div class=\"elementor-widget-container\">\n\t\t\t\t\t\t\t\t\t\t\t\t\t\t\t<img fetchpriority=\"high\" decoding=\"async\" width=\"1080\" height=\"1080\" src=\"https:\/\/heartgift.org\/wp-content\/uploads\/2025\/02\/9.png\" class=\"attachment-full size-full wp-image-28123\" alt=\"9\" srcset=\"https:\/\/heartgift.org\/wp-content\/uploads\/2025\/02\/9.png 1080w, https:\/\/heartgift.org\/wp-content\/uploads\/2025\/02\/9-300x300.png 300w, https:\/\/heartgift.org\/wp-content\/uploads\/2025\/02\/9-1024x1024.png 1024w, https:\/\/heartgift.org\/wp-content\/uploads\/2025\/02\/9-150x150.png 150w, https:\/\/heartgift.org\/wp-content\/uploads\/2025\/02\/9-320x320.png 320w, https:\/\/heartgift.org\/wp-content\/uploads\/2025\/02\/9-760x760.png 760w, https:\/\/heartgift.org\/wp-content\/uploads\/2025\/02\/9-400x400.png 400w, https:\/\/heartgift.org\/wp-content\/uploads\/2025\/02\/9-600x600.png 600w, https:\/\/heartgift.org\/wp-content\/uploads\/2025\/02\/9-500x500.png 500w, https:\/\/heartgift.org\/wp-content\/uploads\/2025\/02\/9-12x12.png 12w\" sizes=\"(max-width: 1080px) 100vw, 1080px\" \/>\t\t\t\t\t\t\t\t\t\t\t\t\t\t\t<\/div>\n\t\t\t\t<\/div>\n\t\t<div class=\"elementor-element elementor-element-f8c34bc e-con-full e-flex e-con e-child\" data-id=\"f8c34bc\" data-element_type=\"container\" data-e-type=\"container\" data-settings=\"{&quot;position&quot;:&quot;absolute&quot;}\">\n\t\t\t\t<div class=\"elementor-element elementor-element-3430aa7 elementor-widget__width-initial elementor-absolute elementor-widget elementor-widget-hub_fancy_heading\" data-id=\"3430aa7\" data-element_type=\"widget\" data-e-type=\"widget\" data-settings=\"{&quot;_position&quot;:&quot;absolute&quot;}\" data-widget_type=\"hub_fancy_heading.default\">\n\t\t\t\t<div class=\"elementor-widget-container\">\n\t\t\t\t\t\n\t\t<div id=\"ld-fancy-heading-69e0a5532bde5\" class=\"ld-fancy-heading pos-rel\">\n\t\t\t<h2 class=\"ld-fh-element d-inline-block pos-rel  elementor-heading-title lqd-highlight-classic lqd-highlight-grow-left h2\"  > Joseph | Uganda <br>\nLa vida guarda en 2022<\/h2>\t\t<\/div>\n\n\t\t\t\t\t\t<\/div>\n\t\t\t\t<\/div>\n\t\t\t\t<\/div>\n\t\t\t\t<\/div>\n\t\t\t\t\t<\/div>\n\t\t\t\t<\/div>\n\t\t\t\t\t<\/div>\n\t\t\t\t<\/div>\n\t\t<div class=\"elementor-element elementor-element-b170c47 e-flex e-con-boxed e-con e-parent\" data-id=\"b170c47\" data-element_type=\"container\" data-e-type=\"container\">\n\t\t\t\t\t<div class=\"e-con-inner\">\n\t\t\t\t<div class=\"elementor-element elementor-element-28477c8 elementor-widget elementor-widget-image\" data-id=\"28477c8\" data-element_type=\"widget\" data-e-type=\"widget\" data-widget_type=\"image.default\">\n\t\t\t\t<div class=\"elementor-widget-container\">\n\t\t\t\t\t\t\t\t\t\t\t\t\t\t\t<img decoding=\"async\" width=\"780\" height=\"1010\" src=\"data:image\/svg+xml;charset=utf-8,%3Csvg xmlns%3D&#039;http%3A%2F%2Fwww.w3.org%2F2000%2Fsvg&#039; viewBox%3D&#039;0 0 791 1024&#039;%2F%3E\" class=\"attachment-large size-large wp-image-27284 ld-lazyload\" alt=\"Donation Form Updated Address pdf\" data-src=\"https:\/\/heartgift.org\/wp-content\/uploads\/2025\/01\/Donation-Form_Updated-Address-pdf-791x1024.jpg\" data-srcset=\"https:\/\/heartgift.org\/wp-content\/uploads\/2025\/01\/Donation-Form_Updated-Address-pdf-791x1024.jpg 791w, https:\/\/heartgift.org\/wp-content\/uploads\/2025\/01\/Donation-Form_Updated-Address-pdf-232x300.jpg 232w, https:\/\/heartgift.org\/wp-content\/uploads\/2025\/01\/Donation-Form_Updated-Address-pdf-9x12.jpg 9w, https:\/\/heartgift.org\/wp-content\/uploads\/2025\/01\/Donation-Form_Updated-Address-pdf.jpg 1088w\" data-sizes=\"(max-width: 780px) 100vw, 780px\" data-aspect=\"0.7724609375\" \/>\t\t\t\t\t\t\t\t\t\t\t\t\t\t\t<\/div>\n\t\t\t\t<\/div>\n\t\t\t\t\t<\/div>\n\t\t\t\t<\/div>\n\t\t<div class=\"elementor-element elementor-element-9773cc1 e-flex e-con-boxed e-con e-parent\" data-id=\"9773cc1\" data-element_type=\"container\" data-e-type=\"container\">\n\t\t\t\t\t<div class=\"e-con-inner\">\n\t\t\t\t<div class=\"elementor-element elementor-element-354f7fe0 elementor-widget elementor-widget-text-editor\" data-id=\"354f7fe0\" data-element_type=\"widget\" data-e-type=\"widget\" data-widget_type=\"text-editor.default\">\n\t\t\t\t<div class=\"elementor-widget-container\">\n\t\t\t\t\t\t\t\t\t<p><span style=\"text-decoration: underline;\"><a href=\"https:\/\/heartgift.org\/wp-content\/uploads\/2020\/10\/Donation-Form_Updated-Address.pdf\"><span style=\"color: #003366; text-decoration: underline;\">Download Donation Form<\/span><\/a><\/span><\/p>\t\t\t\t\t\t\t\t<\/div>\n\t\t\t\t<\/div>\n\t\t\t\t\t<\/div>\n\t\t\t\t<\/div>\n\t\t\t\t<\/div>","protected":false},"excerpt":{"rendered":"<p>Donate by Mail Congenital heart defects are more common than childhood cancer. Yet, for most children born with a heart defect, little to no access to specialized medical care is available. They need just one surgery to save their lives, but it is not available where they live. Joseph | Uganda Life saved in 2022 [&hellip;]<\/p>","protected":false},"author":6,"featured_media":0,"parent":24651,"menu_order":34,"comment_status":"closed","ping_status":"closed","template":"","meta":{"footnotes":""},"class_list":["post-25679","page","type-page","status-publish","hentry"],"yoast_head":"<!-- This site is optimized with the Yoast SEO plugin v26.5 - https:\/\/yoast.com\/wordpress\/plugins\/seo\/ -->\n<title>By Mail - HeartGift<\/title>\n<meta name=\"robots\" content=\"index, follow, max-snippet:-1, max-image-preview:large, max-video-preview:-1\" \/>\n<link rel=\"canonical\" href=\"https:\/\/heartgift.org\/es\/waystogive\/bymail\/\" \/>\n<meta property=\"og:locale\" content=\"es_MX\" \/>\n<meta property=\"og:type\" content=\"article\" \/>\n<meta property=\"og:title\" content=\"By Mail - HeartGift\" \/>\n<meta property=\"og:description\" content=\"Donate by Mail Congenital heart defects are more common than childhood cancer. Yet, for most children born with a heart defect, little to no access to specialized medical care is available. They need just one surgery to save their lives, but it is not available where they live. Joseph | Uganda Life saved in 2022 [&hellip;]\" \/>\n<meta property=\"og:url\" content=\"https:\/\/heartgift.org\/es\/waystogive\/bymail\/\" \/>\n<meta property=\"og:site_name\" content=\"HeartGift\" \/>\n<meta property=\"article:publisher\" content=\"https:\/\/www.facebook.com\/HeartGift\" \/>\n<meta property=\"article:modified_time\" content=\"2025-02-26T19:10:55+00:00\" \/>\n<meta property=\"og:image\" content=\"https:\/\/heartgift.org\/wp-content\/uploads\/2025\/02\/9.png\" \/>\n<meta name=\"twitter:card\" content=\"summary_large_image\" \/>\n<script type=\"application\/ld+json\" class=\"yoast-schema-graph\">{\"@context\":\"https:\/\/schema.org\",\"@graph\":[{\"@type\":\"WebPage\",\"@id\":\"https:\/\/heartgift.org\/es\/waystogive\/bymail\/\",\"url\":\"https:\/\/heartgift.org\/es\/waystogive\/bymail\/\",\"name\":\"By Mail - HeartGift\",\"isPartOf\":{\"@id\":\"https:\/\/heartgift.org\/es\/#website\"},\"primaryImageOfPage\":{\"@id\":\"https:\/\/heartgift.org\/es\/waystogive\/bymail\/#primaryimage\"},\"image\":{\"@id\":\"https:\/\/heartgift.org\/es\/waystogive\/bymail\/#primaryimage\"},\"thumbnailUrl\":\"https:\/\/heartgift.org\/wp-content\/uploads\/2025\/02\/9.png\",\"datePublished\":\"2020-04-28T16:48:10+00:00\",\"dateModified\":\"2025-02-26T19:10:55+00:00\",\"breadcrumb\":{\"@id\":\"https:\/\/heartgift.org\/es\/waystogive\/bymail\/#breadcrumb\"},\"inLanguage\":\"es\",\"potentialAction\":[{\"@type\":\"ReadAction\",\"target\":[\"https:\/\/heartgift.org\/es\/waystogive\/bymail\/\"]}]},{\"@type\":\"ImageObject\",\"inLanguage\":\"es\",\"@id\":\"https:\/\/heartgift.org\/es\/waystogive\/bymail\/#primaryimage\",\"url\":\"https:\/\/heartgift.org\/wp-content\/uploads\/2025\/02\/9.png\",\"contentUrl\":\"https:\/\/heartgift.org\/wp-content\/uploads\/2025\/02\/9.png\"},{\"@type\":\"BreadcrumbList\",\"@id\":\"https:\/\/heartgift.org\/es\/waystogive\/bymail\/#breadcrumb\",\"itemListElement\":[{\"@type\":\"ListItem\",\"position\":1,\"name\":\"Home\",\"item\":\"https:\/\/heartgift.org\/\"},{\"@type\":\"ListItem\",\"position\":2,\"name\":\"Private: Ways to Give\",\"item\":\"https:\/\/heartgift.org\/waystogive\/\"},{\"@type\":\"ListItem\",\"position\":3,\"name\":\"By Mail\"}]},{\"@type\":\"WebSite\",\"@id\":\"https:\/\/heartgift.org\/es\/#website\",\"url\":\"https:\/\/heartgift.org\/es\/\",\"name\":\"HeartGift\",\"description\":\"HeartGift provides lifesaving heart surgery to children from around the world\",\"publisher\":{\"@id\":\"https:\/\/heartgift.org\/es\/#organization\"},\"potentialAction\":[{\"@type\":\"SearchAction\",\"target\":{\"@type\":\"EntryPoint\",\"urlTemplate\":\"https:\/\/heartgift.org\/es\/?s={search_term_string}\"},\"query-input\":{\"@type\":\"PropertyValueSpecification\",\"valueRequired\":true,\"valueName\":\"search_term_string\"}}],\"inLanguage\":\"es\"},{\"@type\":\"Organization\",\"@id\":\"https:\/\/heartgift.org\/es\/#organization\",\"name\":\"HeartGift\",\"url\":\"https:\/\/heartgift.org\/es\/\",\"logo\":{\"@type\":\"ImageObject\",\"inLanguage\":\"es\",\"@id\":\"https:\/\/heartgift.org\/es\/#\/schema\/logo\/image\/\",\"url\":\"https:\/\/heartgift.org\/wp-content\/uploads\/2025\/05\/HG-fullcolor-horizontal.png\",\"contentUrl\":\"https:\/\/heartgift.org\/wp-content\/uploads\/2025\/05\/HG-fullcolor-horizontal.png\",\"width\":2453,\"height\":781,\"caption\":\"HeartGift\"},\"image\":{\"@id\":\"https:\/\/heartgift.org\/es\/#\/schema\/logo\/image\/\"},\"sameAs\":[\"https:\/\/www.facebook.com\/HeartGift\",\"https:\/\/www.linkedin.com\/company\/heartgift-foundation\/\",\"https:\/\/www.instagram.com\/heartgiftfoundation\"]}]}<\/script>\n<!-- \/ Yoast SEO plugin. -->","yoast_head_json":{"title":"By Mail - HeartGift","robots":{"index":"index","follow":"follow","max-snippet":"max-snippet:-1","max-image-preview":"max-image-preview:large","max-video-preview":"max-video-preview:-1"},"canonical":"https:\/\/heartgift.org\/es\/waystogive\/bymail\/","og_locale":"es_MX","og_type":"article","og_title":"By Mail - HeartGift","og_description":"Donate by Mail Congenital heart defects are more common than childhood cancer. Yet, for most children born with a heart defect, little to no access to specialized medical care is available. They need just one surgery to save their lives, but it is not available where they live. Joseph | Uganda Life saved in 2022 [&hellip;]","og_url":"https:\/\/heartgift.org\/es\/waystogive\/bymail\/","og_site_name":"HeartGift","article_publisher":"https:\/\/www.facebook.com\/HeartGift","article_modified_time":"2025-02-26T19:10:55+00:00","og_image":[{"url":"https:\/\/heartgift.org\/wp-content\/uploads\/2025\/02\/9.png","type":"","width":"","height":""}],"twitter_card":"summary_large_image","schema":{"@context":"https:\/\/schema.org","@graph":[{"@type":"WebPage","@id":"https:\/\/heartgift.org\/es\/waystogive\/bymail\/","url":"https:\/\/heartgift.org\/es\/waystogive\/bymail\/","name":"By Mail - HeartGift","isPartOf":{"@id":"https:\/\/heartgift.org\/es\/#website"},"primaryImageOfPage":{"@id":"https:\/\/heartgift.org\/es\/waystogive\/bymail\/#primaryimage"},"image":{"@id":"https:\/\/heartgift.org\/es\/waystogive\/bymail\/#primaryimage"},"thumbnailUrl":"https:\/\/heartgift.org\/wp-content\/uploads\/2025\/02\/9.png","datePublished":"2020-04-28T16:48:10+00:00","dateModified":"2025-02-26T19:10:55+00:00","breadcrumb":{"@id":"https:\/\/heartgift.org\/es\/waystogive\/bymail\/#breadcrumb"},"inLanguage":"es","potentialAction":[{"@type":"ReadAction","target":["https:\/\/heartgift.org\/es\/waystogive\/bymail\/"]}]},{"@type":"ImageObject","inLanguage":"es","@id":"https:\/\/heartgift.org\/es\/waystogive\/bymail\/#primaryimage","url":"https:\/\/heartgift.org\/wp-content\/uploads\/2025\/02\/9.png","contentUrl":"https:\/\/heartgift.org\/wp-content\/uploads\/2025\/02\/9.png"},{"@type":"BreadcrumbList","@id":"https:\/\/heartgift.org\/es\/waystogive\/bymail\/#breadcrumb","itemListElement":[{"@type":"ListItem","position":1,"name":"Home","item":"https:\/\/heartgift.org\/"},{"@type":"ListItem","position":2,"name":"Private: Ways to Give","item":"https:\/\/heartgift.org\/waystogive\/"},{"@type":"ListItem","position":3,"name":"By Mail"}]},{"@type":"WebSite","@id":"https:\/\/heartgift.org\/es\/#website","url":"https:\/\/heartgift.org\/es\/","name":"HeartGift","description":"HeartGift provides lifesaving heart surgery to children from around the world","publisher":{"@id":"https:\/\/heartgift.org\/es\/#organization"},"potentialAction":[{"@type":"SearchAction","target":{"@type":"EntryPoint","urlTemplate":"https:\/\/heartgift.org\/es\/?s={search_term_string}"},"query-input":{"@type":"PropertyValueSpecification","valueRequired":true,"valueName":"search_term_string"}}],"inLanguage":"es"},{"@type":"Organization","@id":"https:\/\/heartgift.org\/es\/#organization","name":"HeartGift","url":"https:\/\/heartgift.org\/es\/","logo":{"@type":"ImageObject","inLanguage":"es","@id":"https:\/\/heartgift.org\/es\/#\/schema\/logo\/image\/","url":"https:\/\/heartgift.org\/wp-content\/uploads\/2025\/05\/HG-fullcolor-horizontal.png","contentUrl":"https:\/\/heartgift.org\/wp-content\/uploads\/2025\/05\/HG-fullcolor-horizontal.png","width":2453,"height":781,"caption":"HeartGift"},"image":{"@id":"https:\/\/heartgift.org\/es\/#\/schema\/logo\/image\/"},"sameAs":["https:\/\/www.facebook.com\/HeartGift","https:\/\/www.linkedin.com\/company\/heartgift-foundation\/","https:\/\/www.instagram.com\/heartgiftfoundation"]}]}},"_links":{"self":[{"href":"https:\/\/heartgift.org\/es\/wp-json\/wp\/v2\/pages\/25679","targetHints":{"allow":["GET"]}}],"collection":[{"href":"https:\/\/heartgift.org\/es\/wp-json\/wp\/v2\/pages"}],"about":[{"href":"https:\/\/heartgift.org\/es\/wp-json\/wp\/v2\/types\/page"}],"author":[{"embeddable":true,"href":"https:\/\/heartgift.org\/es\/wp-json\/wp\/v2\/users\/6"}],"replies":[{"embeddable":true,"href":"https:\/\/heartgift.org\/es\/wp-json\/wp\/v2\/comments?post=25679"}],"version-history":[{"count":0,"href":"https:\/\/heartgift.org\/es\/wp-json\/wp\/v2\/pages\/25679\/revisions"}],"up":[{"embeddable":true,"href":"https:\/\/heartgift.org\/es\/wp-json\/wp\/v2\/pages\/24651"}],"wp:attachment":[{"href":"https:\/\/heartgift.org\/es\/wp-json\/wp\/v2\/media?parent=25679"}],"curies":[{"name":"wp","href":"https:\/\/api.w.org\/{rel}","templated":true}]}}