{"id":25688,"date":"2020-04-28T20:56:39","date_gmt":"2020-04-28T20:56:39","guid":{"rendered":"https:\/\/heartgift.org\/?page_id=25688"},"modified":"2025-03-11T13:37:12","modified_gmt":"2025-03-11T13:37:12","slug":"legacy","status":"publish","type":"page","link":"https:\/\/heartgift.org\/es\/waystogive\/legacy\/","title":{"rendered":"Leave a Legacy"},"content":{"rendered":"<div data-elementor-type=\"wp-page\" data-elementor-id=\"25688\" class=\"elementor elementor-25688\">\n\t\t\t\t<div class=\"elementor-element elementor-element-2c49f516 e-flex e-con-boxed e-con e-parent\" data-id=\"2c49f516\" data-element_type=\"container\" data-e-type=\"container\" data-settings=\"{&quot;background_background&quot;:&quot;classic&quot;}\">\n\t\t\t\t\t<div class=\"e-con-inner\">\n\t\t<div class=\"elementor-element elementor-element-4dffe685 e-flex e-con-boxed e-con e-child\" data-id=\"4dffe685\" data-element_type=\"container\" data-e-type=\"container\">\n\t\t\t\t\t<div class=\"e-con-inner\">\n\t\t<div class=\"elementor-element elementor-element-1bc98387 e-con-full e-flex e-con e-child\" data-id=\"1bc98387\" data-element_type=\"container\" data-e-type=\"container\">\n\t\t\t\t<div class=\"elementor-element elementor-element-35739e52 elementor-widget elementor-widget-hub_fancy_heading\" data-id=\"35739e52\" data-element_type=\"widget\" data-e-type=\"widget\" data-widget_type=\"hub_fancy_heading.default\">\n\t\t\t\t<div class=\"elementor-widget-container\">\n\t\t\t\t\t\n\t\t<div id=\"ld-fancy-heading-69e60ad020c6c\" class=\"ld-fancy-heading pos-rel\">\n\t\t\t<h1 class=\"ld-fh-element d-inline-block pos-rel  elementor-heading-title lqd-highlight-classic lqd-highlight-grow-left h1\"  > Leave a Legacy<\/h1>\t\t<\/div>\n\n\t\t\t\t\t\t<\/div>\n\t\t\t\t<\/div>\n\t\t\t\t<div class=\"elementor-element elementor-element-2179ae76 elementor-widget elementor-widget-text-editor\" data-id=\"2179ae76\" data-element_type=\"widget\" data-e-type=\"widget\" data-widget_type=\"text-editor.default\">\n\t\t\t\t<div class=\"elementor-widget-container\">\n\t\t\t\t\t\t\t\t\t<p><span style=\"font-weight: 400;\">Join us in shaping the future <\/span><span style=\"font-weight: 400;\">and making<br \/>access to life-saving heart surgery part of<br \/>your lasting legacy.<\/span><\/p>\t\t\t\t\t\t\t\t<\/div>\n\t\t\t\t<\/div>\n\t\t\t\t<\/div>\n\t\t<div class=\"elementor-element elementor-element-78651416 e-con-full e-flex e-con e-child\" data-id=\"78651416\" data-element_type=\"container\" data-e-type=\"container\">\n\t\t\t\t<div class=\"elementor-element elementor-element-2244e8fd elementor-widget elementor-widget-image\" data-id=\"2244e8fd\" data-element_type=\"widget\" data-e-type=\"widget\" data-widget_type=\"image.default\">\n\t\t\t\t<div class=\"elementor-widget-container\">\n\t\t\t\t\t\t\t\t\t\t\t\t\t\t\t<img fetchpriority=\"high\" decoding=\"async\" width=\"1080\" height=\"1080\" src=\"https:\/\/heartgift.org\/wp-content\/uploads\/2025\/02\/7.png\" class=\"attachment-full size-full wp-image-28121\" alt=\"7\" srcset=\"https:\/\/heartgift.org\/wp-content\/uploads\/2025\/02\/7.png 1080w, https:\/\/heartgift.org\/wp-content\/uploads\/2025\/02\/7-300x300.png 300w, https:\/\/heartgift.org\/wp-content\/uploads\/2025\/02\/7-1024x1024.png 1024w, https:\/\/heartgift.org\/wp-content\/uploads\/2025\/02\/7-150x150.png 150w, https:\/\/heartgift.org\/wp-content\/uploads\/2025\/02\/7-320x320.png 320w, https:\/\/heartgift.org\/wp-content\/uploads\/2025\/02\/7-760x760.png 760w, https:\/\/heartgift.org\/wp-content\/uploads\/2025\/02\/7-400x400.png 400w, https:\/\/heartgift.org\/wp-content\/uploads\/2025\/02\/7-600x600.png 600w, https:\/\/heartgift.org\/wp-content\/uploads\/2025\/02\/7-500x500.png 500w, https:\/\/heartgift.org\/wp-content\/uploads\/2025\/02\/7-12x12.png 12w\" sizes=\"(max-width: 1080px) 100vw, 1080px\" \/>\t\t\t\t\t\t\t\t\t\t\t\t\t\t\t<\/div>\n\t\t\t\t<\/div>\n\t\t<div class=\"elementor-element elementor-element-cfb2b5c e-con-full e-flex e-con e-child\" data-id=\"cfb2b5c\" data-element_type=\"container\" data-e-type=\"container\" data-settings=\"{&quot;position&quot;:&quot;absolute&quot;}\">\n\t\t\t\t<div class=\"elementor-element elementor-element-cf3284a elementor-widget__width-initial elementor-absolute elementor-widget elementor-widget-hub_fancy_heading\" data-id=\"cf3284a\" data-element_type=\"widget\" data-e-type=\"widget\" data-settings=\"{&quot;_position&quot;:&quot;absolute&quot;}\" data-widget_type=\"hub_fancy_heading.default\">\n\t\t\t\t<div class=\"elementor-widget-container\">\n\t\t\t\t\t\n\t\t<div id=\"ld-fancy-heading-69e60ad022694\" class=\"ld-fancy-heading pos-rel\">\n\t\t\t<h2 class=\"ld-fh-element d-inline-block pos-rel  elementor-heading-title lqd-highlight-classic lqd-highlight-grow-left h2\"  > Keona | Philippines <br>\nLa vida guarda en el 2024<\/h2>\t\t<\/div>\n\n\t\t\t\t\t\t<\/div>\n\t\t\t\t<\/div>\n\t\t\t\t<\/div>\n\t\t\t\t<\/div>\n\t\t\t\t\t<\/div>\n\t\t\t\t<\/div>\n\t\t\t\t\t<\/div>\n\t\t\t\t<\/div>\n\t\t\t\t<section class=\"elementor-section elementor-top-section elementor-element elementor-element-e34287a elementor-section-content-middle elementor-reverse-mobile elementor-section-boxed elementor-section-height-default elementor-section-height-default\" data-id=\"e34287a\" data-element_type=\"section\" data-e-type=\"section\">\n\t\t\t\t\t\t<div class=\"elementor-container elementor-column-gap-no\">\n\t\t\t\t\t<div class=\"elementor-column elementor-col-100 elementor-top-column elementor-element elementor-element-3539a5a\" data-id=\"3539a5a\" data-element_type=\"column\" data-e-type=\"column\">\n\t\t\t<div class=\"elementor-widget-wrap elementor-element-populated\">\n\t\t\t\t\t\t<div class=\"elementor-element elementor-element-c0a1337 elementor-widget elementor-widget-hub_fancy_heading\" data-id=\"c0a1337\" data-element_type=\"widget\" data-e-type=\"widget\" data-widget_type=\"hub_fancy_heading.default\">\n\t\t\t\t<div class=\"elementor-widget-container\">\n\t\t\t\t\t\n\t\t<div id=\"ld-fancy-heading-69e60ad0230de\" class=\"ld-fancy-heading pos-rel\">\n\t\t\t<h2 class=\"ld-fh-element d-inline-block pos-rel  elementor-heading-title lqd-highlight-classic lqd-highlight-grow-left h2\"  > Extend Your Impact!<\/h2>\t\t<\/div>\n\n\t\t\t\t\t\t<\/div>\n\t\t\t\t<\/div>\n\t\t\t\t<div class=\"elementor-element elementor-element-c46a574 elementor-widget elementor-widget-text-editor\" data-id=\"c46a574\" data-element_type=\"widget\" data-e-type=\"widget\" data-widget_type=\"text-editor.default\">\n\t\t\t\t<div class=\"elementor-widget-container\">\n\t\t\t\t\t\t\t\t\t<div class=\"wpb_text_column wpb_content_element thegem-vc-text thegem-custom-6792c089d6f582631\"><div class=\"wpb_wrapper\"><p><span style=\"font-weight: 400;\">Tanto si tiene 18 a\u00f1os como 108, todo el mundo deber\u00eda tener un testamento para poder decidir qu\u00e9 ocurrir\u00e1 con sus bienes cuando ya no est\u00e9n aqu\u00ed. Haciendo testamento e incluyendo a HeartGift en su testamento, puede ayudar a salvar vidas con operaciones de coraz\u00f3n, incluso despu\u00e9s de su muerte.<\/span><\/p><p>Contact your financial advisor or our accounting department for assistance.<br \/>Accounting@heartgift.org | (512) 330-4988<\/p><\/div><\/div>\t\t\t\t\t\t\t\t<\/div>\n\t\t\t\t<\/div>\n\t\t\t\t\t<\/div>\n\t\t<\/div>\n\t\t\t\t\t<\/div>\n\t\t<\/section>\n\t\t\t\t<\/div>","protected":false},"excerpt":{"rendered":"<p>Leave a Legacy Join us in shaping the future and makingaccess to life-saving heart surgery part ofyour lasting legacy. Keona | Philippines Life saved in 2024 Extend Your Impact! Whether you\u2019re 18 or 108, everyone should have a will in place to have agency over what happens to their assets when they\u2019re no longer here. [&hellip;]<\/p>","protected":false},"author":6,"featured_media":0,"parent":24651,"menu_order":35,"comment_status":"closed","ping_status":"closed","template":"","meta":{"footnotes":""},"class_list":["post-25688","page","type-page","status-publish","hentry"],"yoast_head":"<!-- This site is optimized with the Yoast SEO plugin v26.5 - https:\/\/yoast.com\/wordpress\/plugins\/seo\/ -->\n<title>Leave a Legacy - HeartGift<\/title>\n<meta name=\"robots\" content=\"index, follow, max-snippet:-1, max-image-preview:large, max-video-preview:-1\" \/>\n<link rel=\"canonical\" href=\"https:\/\/heartgift.org\/es\/waystogive\/legacy\/\" \/>\n<meta property=\"og:locale\" content=\"es_MX\" \/>\n<meta property=\"og:type\" content=\"article\" \/>\n<meta property=\"og:title\" content=\"Leave a Legacy - HeartGift\" \/>\n<meta property=\"og:description\" content=\"Leave a Legacy Join us in shaping the future and makingaccess to life-saving heart surgery part ofyour lasting legacy. Keona | Philippines Life saved in 2024 Extend Your Impact! Whether you\u2019re 18 or 108, everyone should have a will in place to have agency over what happens to their assets when they\u2019re no longer here. [&hellip;]\" \/>\n<meta property=\"og:url\" content=\"https:\/\/heartgift.org\/es\/waystogive\/legacy\/\" \/>\n<meta property=\"og:site_name\" content=\"HeartGift\" \/>\n<meta property=\"article:publisher\" content=\"https:\/\/www.facebook.com\/HeartGift\" \/>\n<meta property=\"article:modified_time\" content=\"2025-03-11T13:37:12+00:00\" \/>\n<meta property=\"og:image\" content=\"https:\/\/heartgift.org\/wp-content\/uploads\/2025\/02\/7.png\" \/>\n<meta name=\"twitter:card\" content=\"summary_large_image\" \/>\n<script type=\"application\/ld+json\" class=\"yoast-schema-graph\">{\"@context\":\"https:\/\/schema.org\",\"@graph\":[{\"@type\":\"WebPage\",\"@id\":\"https:\/\/heartgift.org\/es\/waystogive\/legacy\/\",\"url\":\"https:\/\/heartgift.org\/es\/waystogive\/legacy\/\",\"name\":\"Leave a Legacy - HeartGift\",\"isPartOf\":{\"@id\":\"https:\/\/heartgift.org\/es\/#website\"},\"primaryImageOfPage\":{\"@id\":\"https:\/\/heartgift.org\/es\/waystogive\/legacy\/#primaryimage\"},\"image\":{\"@id\":\"https:\/\/heartgift.org\/es\/waystogive\/legacy\/#primaryimage\"},\"thumbnailUrl\":\"https:\/\/heartgift.org\/wp-content\/uploads\/2025\/02\/7.png\",\"datePublished\":\"2020-04-28T20:56:39+00:00\",\"dateModified\":\"2025-03-11T13:37:12+00:00\",\"breadcrumb\":{\"@id\":\"https:\/\/heartgift.org\/es\/waystogive\/legacy\/#breadcrumb\"},\"inLanguage\":\"es\",\"potentialAction\":[{\"@type\":\"ReadAction\",\"target\":[\"https:\/\/heartgift.org\/es\/waystogive\/legacy\/\"]}]},{\"@type\":\"ImageObject\",\"inLanguage\":\"es\",\"@id\":\"https:\/\/heartgift.org\/es\/waystogive\/legacy\/#primaryimage\",\"url\":\"https:\/\/heartgift.org\/wp-content\/uploads\/2025\/02\/7.png\",\"contentUrl\":\"https:\/\/heartgift.org\/wp-content\/uploads\/2025\/02\/7.png\"},{\"@type\":\"BreadcrumbList\",\"@id\":\"https:\/\/heartgift.org\/es\/waystogive\/legacy\/#breadcrumb\",\"itemListElement\":[{\"@type\":\"ListItem\",\"position\":1,\"name\":\"Home\",\"item\":\"https:\/\/heartgift.org\/\"},{\"@type\":\"ListItem\",\"position\":2,\"name\":\"Private: Ways to Give\",\"item\":\"https:\/\/heartgift.org\/waystogive\/\"},{\"@type\":\"ListItem\",\"position\":3,\"name\":\"Leave a Legacy\"}]},{\"@type\":\"WebSite\",\"@id\":\"https:\/\/heartgift.org\/es\/#website\",\"url\":\"https:\/\/heartgift.org\/es\/\",\"name\":\"HeartGift\",\"description\":\"HeartGift provides lifesaving heart surgery to children from around the world\",\"publisher\":{\"@id\":\"https:\/\/heartgift.org\/es\/#organization\"},\"potentialAction\":[{\"@type\":\"SearchAction\",\"target\":{\"@type\":\"EntryPoint\",\"urlTemplate\":\"https:\/\/heartgift.org\/es\/?s={search_term_string}\"},\"query-input\":{\"@type\":\"PropertyValueSpecification\",\"valueRequired\":true,\"valueName\":\"search_term_string\"}}],\"inLanguage\":\"es\"},{\"@type\":\"Organization\",\"@id\":\"https:\/\/heartgift.org\/es\/#organization\",\"name\":\"HeartGift\",\"url\":\"https:\/\/heartgift.org\/es\/\",\"logo\":{\"@type\":\"ImageObject\",\"inLanguage\":\"es\",\"@id\":\"https:\/\/heartgift.org\/es\/#\/schema\/logo\/image\/\",\"url\":\"https:\/\/heartgift.org\/wp-content\/uploads\/2025\/05\/HG-fullcolor-horizontal.png\",\"contentUrl\":\"https:\/\/heartgift.org\/wp-content\/uploads\/2025\/05\/HG-fullcolor-horizontal.png\",\"width\":2453,\"height\":781,\"caption\":\"HeartGift\"},\"image\":{\"@id\":\"https:\/\/heartgift.org\/es\/#\/schema\/logo\/image\/\"},\"sameAs\":[\"https:\/\/www.facebook.com\/HeartGift\",\"https:\/\/www.linkedin.com\/company\/heartgift-foundation\/\",\"https:\/\/www.instagram.com\/heartgiftfoundation\"]}]}<\/script>\n<!-- \/ Yoast SEO plugin. -->","yoast_head_json":{"title":"Leave a Legacy - HeartGift","robots":{"index":"index","follow":"follow","max-snippet":"max-snippet:-1","max-image-preview":"max-image-preview:large","max-video-preview":"max-video-preview:-1"},"canonical":"https:\/\/heartgift.org\/es\/waystogive\/legacy\/","og_locale":"es_MX","og_type":"article","og_title":"Leave a Legacy - HeartGift","og_description":"Leave a Legacy Join us in shaping the future and makingaccess to life-saving heart surgery part ofyour lasting legacy. Keona | Philippines Life saved in 2024 Extend Your Impact! Whether you\u2019re 18 or 108, everyone should have a will in place to have agency over what happens to their assets when they\u2019re no longer here. [&hellip;]","og_url":"https:\/\/heartgift.org\/es\/waystogive\/legacy\/","og_site_name":"HeartGift","article_publisher":"https:\/\/www.facebook.com\/HeartGift","article_modified_time":"2025-03-11T13:37:12+00:00","og_image":[{"url":"https:\/\/heartgift.org\/wp-content\/uploads\/2025\/02\/7.png","type":"","width":"","height":""}],"twitter_card":"summary_large_image","schema":{"@context":"https:\/\/schema.org","@graph":[{"@type":"WebPage","@id":"https:\/\/heartgift.org\/es\/waystogive\/legacy\/","url":"https:\/\/heartgift.org\/es\/waystogive\/legacy\/","name":"Leave a Legacy - HeartGift","isPartOf":{"@id":"https:\/\/heartgift.org\/es\/#website"},"primaryImageOfPage":{"@id":"https:\/\/heartgift.org\/es\/waystogive\/legacy\/#primaryimage"},"image":{"@id":"https:\/\/heartgift.org\/es\/waystogive\/legacy\/#primaryimage"},"thumbnailUrl":"https:\/\/heartgift.org\/wp-content\/uploads\/2025\/02\/7.png","datePublished":"2020-04-28T20:56:39+00:00","dateModified":"2025-03-11T13:37:12+00:00","breadcrumb":{"@id":"https:\/\/heartgift.org\/es\/waystogive\/legacy\/#breadcrumb"},"inLanguage":"es","potentialAction":[{"@type":"ReadAction","target":["https:\/\/heartgift.org\/es\/waystogive\/legacy\/"]}]},{"@type":"ImageObject","inLanguage":"es","@id":"https:\/\/heartgift.org\/es\/waystogive\/legacy\/#primaryimage","url":"https:\/\/heartgift.org\/wp-content\/uploads\/2025\/02\/7.png","contentUrl":"https:\/\/heartgift.org\/wp-content\/uploads\/2025\/02\/7.png"},{"@type":"BreadcrumbList","@id":"https:\/\/heartgift.org\/es\/waystogive\/legacy\/#breadcrumb","itemListElement":[{"@type":"ListItem","position":1,"name":"Home","item":"https:\/\/heartgift.org\/"},{"@type":"ListItem","position":2,"name":"Private: Ways to Give","item":"https:\/\/heartgift.org\/waystogive\/"},{"@type":"ListItem","position":3,"name":"Leave a Legacy"}]},{"@type":"WebSite","@id":"https:\/\/heartgift.org\/es\/#website","url":"https:\/\/heartgift.org\/es\/","name":"HeartGift","description":"HeartGift provides lifesaving heart surgery to children from around the world","publisher":{"@id":"https:\/\/heartgift.org\/es\/#organization"},"potentialAction":[{"@type":"SearchAction","target":{"@type":"EntryPoint","urlTemplate":"https:\/\/heartgift.org\/es\/?s={search_term_string}"},"query-input":{"@type":"PropertyValueSpecification","valueRequired":true,"valueName":"search_term_string"}}],"inLanguage":"es"},{"@type":"Organization","@id":"https:\/\/heartgift.org\/es\/#organization","name":"HeartGift","url":"https:\/\/heartgift.org\/es\/","logo":{"@type":"ImageObject","inLanguage":"es","@id":"https:\/\/heartgift.org\/es\/#\/schema\/logo\/image\/","url":"https:\/\/heartgift.org\/wp-content\/uploads\/2025\/05\/HG-fullcolor-horizontal.png","contentUrl":"https:\/\/heartgift.org\/wp-content\/uploads\/2025\/05\/HG-fullcolor-horizontal.png","width":2453,"height":781,"caption":"HeartGift"},"image":{"@id":"https:\/\/heartgift.org\/es\/#\/schema\/logo\/image\/"},"sameAs":["https:\/\/www.facebook.com\/HeartGift","https:\/\/www.linkedin.com\/company\/heartgift-foundation\/","https:\/\/www.instagram.com\/heartgiftfoundation"]}]}},"_links":{"self":[{"href":"https:\/\/heartgift.org\/es\/wp-json\/wp\/v2\/pages\/25688","targetHints":{"allow":["GET"]}}],"collection":[{"href":"https:\/\/heartgift.org\/es\/wp-json\/wp\/v2\/pages"}],"about":[{"href":"https:\/\/heartgift.org\/es\/wp-json\/wp\/v2\/types\/page"}],"author":[{"embeddable":true,"href":"https:\/\/heartgift.org\/es\/wp-json\/wp\/v2\/users\/6"}],"replies":[{"embeddable":true,"href":"https:\/\/heartgift.org\/es\/wp-json\/wp\/v2\/comments?post=25688"}],"version-history":[{"count":0,"href":"https:\/\/heartgift.org\/es\/wp-json\/wp\/v2\/pages\/25688\/revisions"}],"up":[{"embeddable":true,"href":"https:\/\/heartgift.org\/es\/wp-json\/wp\/v2\/pages\/24651"}],"wp:attachment":[{"href":"https:\/\/heartgift.org\/es\/wp-json\/wp\/v2\/media?parent=25688"}],"curies":[{"name":"wp","href":"https:\/\/api.w.org\/{rel}","templated":true}]}}